{"id":69,"date":"2020-10-02T06:36:55","date_gmt":"2020-10-02T06:36:55","guid":{"rendered":"https:\/\/cashy.ch\/?page_id=69"},"modified":"2025-02-25T09:25:38","modified_gmt":"2025-02-25T08:25:38","slug":"home","status":"publish","type":"page","link":"https:\/\/cashy.ch\/de\/","title":{"rendered":"Home"},"content":{"rendered":"","protected":false},"excerpt":{"rendered":"","protected":false},"author":1,"featured_media":0,"parent":0,"menu_order":0,"comment_status":"closed","ping_status":"closed","template":"","meta":{"slim_seo":{"title":"Cashy-POS Pro - Registrierkasse f\u00fcr iPad","description":"Eine funktionsreiche und einfache iPad Kasse f\u00fcr den Schweizer Einzelhandel, Food Trucks, Markst\u00e4nde und Fris\u00f6re."},"footnotes":""},"class_list":["post-69","page","type-page","status-publish","hentry"],"_links":{"self":[{"href":"https:\/\/cashy.ch\/de\/wp-json\/wp\/v2\/pages\/69","targetHints":{"allow":["GET"]}}],"collection":[{"href":"https:\/\/cashy.ch\/de\/wp-json\/wp\/v2\/pages"}],"about":[{"href":"https:\/\/cashy.ch\/de\/wp-json\/wp\/v2\/types\/page"}],"author":[{"embeddable":true,"href":"https:\/\/cashy.ch\/de\/wp-json\/wp\/v2\/users\/1"}],"replies":[{"embeddable":true,"href":"https:\/\/cashy.ch\/de\/wp-json\/wp\/v2\/comments?post=69"}],"version-history":[{"count":3,"href":"https:\/\/cashy.ch\/de\/wp-json\/wp\/v2\/pages\/69\/revisions"}],"predecessor-version":[{"id":505,"href":"https:\/\/cashy.ch\/de\/wp-json\/wp\/v2\/pages\/69\/revisions\/505"}],"wp:attachment":[{"href":"https:\/\/cashy.ch\/de\/wp-json\/wp\/v2\/media?parent=69"}],"curies":[{"name":"wp","href":"https:\/\/api.w.org\/{rel}","templated":true}]}}